{"id":6481,"date":"2025-09-29T22:32:02","date_gmt":"2025-09-29T22:32:02","guid":{"rendered":"https:\/\/vivol.mx\/?post_type=product&#038;p=6481"},"modified":"2025-09-29T23:05:30","modified_gmt":"2025-09-29T23:05:30","slug":"cosmetiquera-de-viaje","status":"publish","type":"product","link":"https:\/\/vivol.mx\/index.php\/producto\/cosmetiquera-de-viaje\/","title":{"rendered":"Cosmetiquera de Viaje"},"content":{"rendered":"<p data-start=\"218\" data-end=\"447\">La cosmetiquera perfecta para acompa\u00f1arte en tus aventuras. Confeccionada en materiales de alta calidad, combina practicidad y elegancia con un dise\u00f1o \u00fanico que puedes personalizar.<\/p>\n<p data-start=\"449\" data-end=\"474\"><strong data-start=\"452\" data-end=\"472\">\u2728Caracter\u00edsticas:<\/strong><\/p>\n<ul>\n<li data-start=\"477\" data-end=\"530\">Medidas: <strong data-start=\"486\" data-end=\"528\">24 cm (largo ) x 20 cm (alto) x 11 cm (ancho)<\/strong><\/li>\n<li data-start=\"533\" data-end=\"584\">Interior en <strong data-start=\"545\" data-end=\"564\">mica resistente<\/strong>, f\u00e1cil de limpiar<\/li>\n<li data-start=\"587\" data-end=\"617\"><strong data-start=\"587\" data-end=\"615\">Herrajes finos en dorado<\/strong><\/li>\n<li data-start=\"620\" data-end=\"676\">Dise\u00f1o con <strong>3\u00a0cierres y broche<\/strong> para mayor seguridad<\/li>\n<\/ul>\n<p>\u2728 <strong data-start=\"680\" data-end=\"700\">Personalizaci\u00f3n:<\/strong><\/p>\n<ul>\n<li data-start=\"705\" data-end=\"740\">Incluye <strong data-start=\"713\" data-end=\"738\">1 letra personalizada<\/strong><\/li>\n<li data-start=\"743\" data-end=\"800\">Agrega m\u00e1s letras como <strong data-start=\"766\" data-end=\"779\">extra ($)<\/strong> al hacer tu compra<\/li>\n<\/ul>\n","protected":false},"excerpt":{"rendered":"<p><strong data-start=\"1045\" data-end=\"1084\">Cosmetiquera de viaje personalizada<\/strong>\u00a0<br data-start=\"1086\" data-end=\"1089\" \/>Medidas: 24\u00d720\u00d711 cm | Interior de mica | Herrajes dorados | 2 cierres + broche | Incluye <strong data-start=\"1179\" data-end=\"1204\">1 letra personalizada<\/strong> (extras $)<\/p>\n","protected":false},"featured_media":6489,"comment_status":"open","ping_status":"closed","template":"","meta":{"_joinchat":[]},"product_brand":[],"product_cat":[166],"product_tag":[55,41,39,40,38,54,36,37],"class_list":{"0":"post-6481","1":"product","2":"type-product","3":"status-publish","4":"has-post-thumbnail","6":"product_cat-cosme-nueva","7":"product_tag-black","8":"product_tag-bolsa-escolar","9":"product_tag-bolsa-para-laptop","10":"product_tag-escolar","11":"product_tag-laptop","12":"product_tag-negro","13":"product_tag-portafolio","14":"product_tag-portalaptop","15":"entry","17":"first","18":"instock","19":"taxable","20":"shipping-taxable","21":"purchasable","22":"product-type-variable"},"jetpack_sharing_enabled":true,"_links":{"self":[{"href":"https:\/\/vivol.mx\/index.php\/wp-json\/wp\/v2\/product\/6481","targetHints":{"allow":["GET"]}}],"collection":[{"href":"https:\/\/vivol.mx\/index.php\/wp-json\/wp\/v2\/product"}],"about":[{"href":"https:\/\/vivol.mx\/index.php\/wp-json\/wp\/v2\/types\/product"}],"replies":[{"embeddable":true,"href":"https:\/\/vivol.mx\/index.php\/wp-json\/wp\/v2\/comments?post=6481"}],"wp:featuredmedia":[{"embeddable":true,"href":"https:\/\/vivol.mx\/index.php\/wp-json\/wp\/v2\/media\/6489"}],"wp:attachment":[{"href":"https:\/\/vivol.mx\/index.php\/wp-json\/wp\/v2\/media?parent=6481"}],"wp:term":[{"taxonomy":"product_brand","embeddable":true,"href":"https:\/\/vivol.mx\/index.php\/wp-json\/wp\/v2\/product_brand?post=6481"},{"taxonomy":"product_cat","embeddable":true,"href":"https:\/\/vivol.mx\/index.php\/wp-json\/wp\/v2\/product_cat?post=6481"},{"taxonomy":"product_tag","embeddable":true,"href":"https:\/\/vivol.mx\/index.php\/wp-json\/wp\/v2\/product_tag?post=6481"}],"curies":[{"name":"wp","href":"https:\/\/api.w.org\/{rel}","templated":true}]}}